{"id":662,"date":"2023-11-14T11:39:32","date_gmt":"2023-11-14T10:39:32","guid":{"rendered":"https:\/\/lardasflores.es\/?page_id=662"},"modified":"2025-08-05T21:43:32","modified_gmt":"2025-08-05T19:43:32","slug":"sobre_nosotros","status":"publish","type":"page","link":"https:\/\/lardasflores.es\/gl\/sobre_nosotros\/","title":{"rendered":"Sobre n\u00f3s"},"content":{"rendered":"<div data-elementor-type=\"wp-page\" data-elementor-id=\"662\" class=\"elementor elementor-662\">\n\t\t\t\t<div class=\"elementor-element elementor-element-54cfd1a6 e-con-full e-flex e-con e-parent\" data-id=\"54cfd1a6\" data-element_type=\"container\" data-e-type=\"container\" data-settings=\"{&quot;background_background&quot;:&quot;video&quot;,&quot;background_video_link&quot;:&quot;https:\\\/\\\/storage.googleapis.com\\\/cajon_de_sastre_publico\\\/video_o_lar_das_flores.mp4&quot;}\">\n\t\t<div class=\"elementor-background-video-container elementor-hidden-mobile\">\n\t\t\t\t\t\t\t<video class=\"elementor-background-video-hosted\" role=\"presentation\" autoplay muted playsinline loop><\/video>\n\t\t\t\t\t<\/div>\t\t<\/div>\n\t\t\t\t<section class=\"elementor-section elementor-top-section elementor-element elementor-element-8ee04fd elementor-section-boxed elementor-section-height-default elementor-section-height-default\" data-id=\"8ee04fd\" data-element_type=\"section\" data-e-type=\"section\">\n\t\t\t\t\t\t<div class=\"elementor-container elementor-column-gap-default\">\n\t\t\t\t\t<div class=\"elementor-column elementor-col-100 elementor-top-column elementor-element elementor-element-16241402\" data-id=\"16241402\" data-element_type=\"column\" data-e-type=\"column\">\n\t\t\t<div class=\"elementor-widget-wrap elementor-element-populated\">\n\t\t\t\t\t\t<div class=\"elementor-element elementor-element-c5fa11c elementor-widget elementor-widget-heading\" data-id=\"c5fa11c\" data-element_type=\"widget\" data-e-type=\"widget\" data-widget_type=\"heading.default\">\n\t\t\t\t<div class=\"elementor-widget-container\">\n\t\t\t\t\t<h1 class=\"elementor-heading-title elementor-size-default\">O lar das FLORES<\/h1>\t\t\t\t<\/div>\n\t\t\t\t<\/div>\n\t\t\t\t\t<\/div>\n\t\t<\/div>\n\t\t\t\t\t<\/div>\n\t\t<\/section>\n\t\t<div class=\"elementor-element elementor-element-93862a1 e-flex e-con-boxed e-con e-parent\" data-id=\"93862a1\" data-element_type=\"container\" data-e-type=\"container\">\n\t\t\t\t\t<div class=\"e-con-inner\">\n\t\t\t\t<div class=\"elementor-element elementor-element-5f888d3 elementor-widget elementor-widget-text-editor\" data-id=\"5f888d3\" data-element_type=\"widget\" data-e-type=\"widget\" data-widget_type=\"text-editor.default\">\n\t\t\t\t<div class=\"elementor-widget-container\">\n\t\t\t\t\t\t\t\t\t<p>Benvido a <b>O Lar das Flores<\/b>, que en galego significa \"A Casa das Flores\". M\u00e1is que unha florister\u00eda, somos un espazo onde a tradici\u00f3n da arte floral se atopa coa creatividade e o coraz\u00f3n. Escollemos este nome porque aqu\u00ed cada flor, cada p\u00e9talo e cada arranxo atopa un fogar, e esperamos que ti tam\u00e9n te sintas como na casa.<\/p><p>Con m\u00e1is de <b>cinco anos de experiencia<\/b> no mundo da arte floral, cultivamos a nosa paix\u00f3n e habilidade para crear beleza en todas as s\u00faas formas. A nosa especialidade abrangue desde <b>ramos de agasallo m\u00e1is especiais<\/b> e o <b>arte decorativa para o teu fogar<\/b>, a dese\u00f1o floral para <b>vodas inesquecibles<\/b> e os arranxos que honran aos nosos seres queridos no <b>arte funeraria<\/b>. Non importa a ocasi\u00f3n, estamos aqu\u00ed para darlle vida \u00e1s t\u00faas emoci\u00f3ns.<\/p>\t\t\t\t\t\t\t\t<\/div>\n\t\t\t\t<\/div>\n\t\t\t\t\t<\/div>\n\t\t\t\t<\/div>\n\t\t<div class=\"elementor-element elementor-element-6b8653b e-con-full e-flex e-con e-parent\" data-id=\"6b8653b\" data-element_type=\"container\" data-e-type=\"container\" data-settings=\"{&quot;background_background&quot;:&quot;classic&quot;}\">\n\t\t\t\t<div class=\"elementor-element elementor-element-10731da5 elementor-widget elementor-widget-heading\" data-id=\"10731da5\" data-element_type=\"widget\" data-e-type=\"widget\" data-widget_type=\"heading.default\">\n\t\t\t\t<div class=\"elementor-widget-container\">\n\t\t\t\t\t<h2 class=\"elementor-heading-title elementor-size-default\">A nosa filosof\u00eda: Paix\u00f3n en cada detalle<\/h2>\t\t\t\t<\/div>\n\t\t\t\t<\/div>\n\t\t\t\t<\/div>\n\t\t<div class=\"elementor-element elementor-element-47b16f9 e-flex e-con-boxed e-con e-parent\" data-id=\"47b16f9\" data-element_type=\"container\" data-e-type=\"container\">\n\t\t\t\t\t<div class=\"e-con-inner\">\n\t\t\t\t<div class=\"elementor-element elementor-element-5e56439 elementor-widget elementor-widget-text-editor\" data-id=\"5e56439\" data-element_type=\"widget\" data-e-type=\"widget\" data-widget_type=\"text-editor.default\">\n\t\t\t\t<div class=\"elementor-widget-container\">\n\t\t\t\t\t\t\t\t\t<p>Para n\u00f3s, cada flor \u00e9 unha historia. Traballamos da man con <b>produtores locais<\/b>, garantindo a frescura e a calidade de cada unha das nosas flores. Tam\u00e9n incorporamos flores artificiais da m\u00e1is alta calidade para ofrecerche a combinaci\u00f3n perfecta de beleza natural e durabilidade.<\/p><p>A nosa relaci\u00f3n cos nosos clientes \u00e9 unha das <b>proximidade e calidez<\/b>Escoitamos os teus desexos e as t\u00faas historias para que cada peza que creamos sexa \u00fanica e persoal. Sabemos que un cliente satisfeito \u00e9 a nosa mellor recomendaci\u00f3n, e por iso esforz\u00e1monos por superar as t\u00faas expectativas e crear non s\u00f3 arranxos florais, sen\u00f3n tam\u00e9n momentos memorables.<\/p>\t\t\t\t\t\t\t\t<\/div>\n\t\t\t\t<\/div>\n\t\t\t\t\t<\/div>\n\t\t\t\t<\/div>\n\t\t\t\t<\/div>","protected":false},"excerpt":{"rendered":"<p>O lar das FLORES Bienvenido a O Lar das Flores, que en gallego significa \u00abLa casa de las flores\u00bb. M\u00e1s que una simple florister\u00eda, somos un espacio donde la tradici\u00f3n del arte floral se encuentra con la creatividad y el coraz\u00f3n. Elegimos este nombre porque aqu\u00ed, cada flor, cada p\u00e9talo y cada arreglo encuentran un&hellip;&nbsp;<a href=\"https:\/\/lardasflores.es\/gl\/sobre_nosotros\/\" rel=\"bookmark\">Read More &raquo;<span class=\"screen-reader-text\">Sobre n\u00f3s<\/span><\/a><\/p>","protected":false},"author":1,"featured_media":0,"parent":0,"menu_order":0,"comment_status":"closed","ping_status":"closed","template":"","meta":{"om_disable_all_campaigns":false,"_monsterinsights_skip_tracking":false,"_monsterinsights_sitenote_active":false,"_monsterinsights_sitenote_note":"","_monsterinsights_sitenote_category":0,"neve_meta_sidebar":"","neve_meta_container":"full-width","neve_meta_enable_content_width":"","neve_meta_content_width":0,"neve_meta_title_alignment":"","neve_meta_author_avatar":"","neve_post_elements_order":"","neve_meta_disable_header":"","neve_meta_disable_footer":"","neve_meta_disable_title":"on","neve_meta_reading_time":"","_ti_tpc_template_sync":false,"_ti_tpc_template_id":"","footnotes":""},"class_list":["post-662","page","type-page","status-publish","hentry"],"aioseo_notices":[],"_links":{"self":[{"href":"https:\/\/lardasflores.es\/gl\/wp-json\/wp\/v2\/pages\/662","targetHints":{"allow":["GET"]}}],"collection":[{"href":"https:\/\/lardasflores.es\/gl\/wp-json\/wp\/v2\/pages"}],"about":[{"href":"https:\/\/lardasflores.es\/gl\/wp-json\/wp\/v2\/types\/page"}],"author":[{"embeddable":true,"href":"https:\/\/lardasflores.es\/gl\/wp-json\/wp\/v2\/users\/1"}],"replies":[{"embeddable":true,"href":"https:\/\/lardasflores.es\/gl\/wp-json\/wp\/v2\/comments?post=662"}],"version-history":[{"count":9,"href":"https:\/\/lardasflores.es\/gl\/wp-json\/wp\/v2\/pages\/662\/revisions"}],"predecessor-version":[{"id":1691,"href":"https:\/\/lardasflores.es\/gl\/wp-json\/wp\/v2\/pages\/662\/revisions\/1691"}],"wp:attachment":[{"href":"https:\/\/lardasflores.es\/gl\/wp-json\/wp\/v2\/media?parent=662"}],"curies":[{"name":"wp","href":"https:\/\/api.w.org\/{rel}","templated":true}]}}